{"id":904,"date":"2012-10-24T06:11:55","date_gmt":"2012-10-24T04:11:55","guid":{"rendered":"https:\/\/f2h.app\/rottaler-golfclub\/"},"modified":"2025-03-08T16:55:10","modified_gmt":"2025-03-08T15:55:10","slug":"rottaler-golfclub","status":"publish","type":"page","link":"https:\/\/fairway2hotel.at\/en\/golfclubs\/deutschland\/rottaler-golfclub\/","title":{"rendered":"GC Rottaler Golfclub"},"content":{"rendered":"<h2>Rottaler Golf-Oase mit Drive und bodenst\u00e4ndischem Charme<\/h2>\n<p>Perfekt eingepasst ins sanft geschwungene niederbayerische H\u00fcgelland, vom Fl\u00fcsschen Rott durchzogen, ges\u00e4umt von m\u00e4chtigem, Schatten spendenden Baumbestand, pr\u00e4sentiert sich der 18-Loch-Meisterschaftskurs des Rottaler Golf &amp; Country Clubs als wahre Symbiose in Gr\u00fcn. Der traditionsreiche Club, 1972 von Golf-Enthusiasten mit Weitblick gegr\u00fcndet<strong>,<\/strong> besticht durch Top-Design, gepflegte Fairways, schnelle Gr\u00fcns und gelebte Gastfreundschaft.<\/p>\n<p>Komplett eben und somit leicht begehbar, halten die 18 abwechslungsreichen Bahnen so manche Herausforderung f\u00fcr ambitionierte Golfer bereit, garantieren aber gleichzeitig Spielfreude pur f\u00fcr Hobby-Golfer jeglichen Niveaus.<\/p>\n<p>Der Rottaler Golf &amp; Country Club liegt einen Steinwurf entfernt vom bekannten niederbayerischen B\u00e4derdreieck Bad Birnbach, Bad Griesbach, Bad F\u00fcssing, ans \u00fcberregionale Stra\u00dfennetz bestens angebunden \u00fcber Autobahnen und Bundesstra\u00dfen.<\/p>\n<p>G\u00e4ste sind immer herzlich willkommen. Startzeiten k\u00f6nnen ganz einfach per Telefon unter +43 (0) 8561-5969 oder per Mail an <a href=\"mailto:info@rottaler-gc.de\">info@rottaler-gc.de<\/a> gebucht werden und Sie k\u00f6nnen an allen Tagen der Woche Ihrem Hobby fr\u00f6nen \u2013 und das zu g\u00fcnstigen Preisen.<\/p>\n<p>\u00dcbrigens: Bei uns sind auf dem Golfplatz Hunde an der Leine erlaubt.<\/p>\n<h2>Rottal golf oasis with drive and down-to-earth charm<\/h2>\n<p>The 18-hole championship course at the Rottaler Golf &amp; Country Club is a true symbiosis of green, perfectly nestled in the gently rolling hills of Lower Bavaria, crossed by the River Rott and lined with mighty, shady trees. The traditional club, founded in 1972 by golf enthusiasts with foresight, impresses with its top design, manicured fairways, fast greens and genuine hospitality.<\/p>\n<p>Completely flat and therefore easy to walk, the 18 varied holes offer many a challenge for ambitious golfers, but at the same time guarantee pure enjoyment for amateur golfers of all levels.<\/p>\n<p>The Rottaler Golf &amp; Country Club is a stone&#8217;s throw away from the famous Lower Bavarian spa triangle of Bad Birnbach, Bad Griesbach and Bad F\u00fcssing, with excellent connections to the national road network via motorways and main roads.<\/p>\n<p>Guests are always welcome. Start times can be easily booked by telephone on +43 (0) 8561-5969 or by email to info@rottaler-gc.de and you can indulge in your hobby every day of the week &#8211; at favourable prices<\/p>\n","protected":false},"excerpt":{"rendered":"<p>Rottaler Golf-Oase mit Drive und bodenst\u00e4ndischem Charme Perfekt eingepasst ins sanft geschwungene niederbayerische H\u00fcgelland, vom Fl\u00fcsschen Rott durchzogen, ges\u00e4umt von m\u00e4chtigem, Schatten spendenden Baumbestand, pr\u00e4sentiert sich der 18-Loch-Meisterschaftskurs des Rottaler Golf &amp; Country Clubs als wahre Symbiose in Gr\u00fcn. Der traditionsreiche Club, 1972 von Golf-Enthusiasten mit Weitblick gegr\u00fcndet, besticht durch Top-Design, gepflegte Fairways, schnelle Gr\u00fcns [&hellip;]<\/p>\n","protected":false},"author":1,"featured_media":0,"parent":1607,"menu_order":165,"comment_status":"closed","ping_status":"closed","template":"page-partner.php","meta":{"_acf_changed":false,"footnotes":""},"class_list":["post-904","page","type-page","status-publish","hentry"],"acf":{"partner_infobox":"<strong>Adresse:<\/strong>Fischgartl 2, D-84332 Hebertsfelden\r\n\r\n<strong>Tel:\u00a0<\/strong>+49 (0)8561-5969\r\n\r\n<strong>Fax:\u00a0<\/strong>+49 (0)8561-2646\r\n\r\n<strong>Web: <\/strong><a href=\"http:\/\/www.rottaler-gc.de\" target=\"_blank\" rel=\"nofollow noopener\">www.rottaler-gc.de<\/a>\r\n\r\n<strong>E-Mail:<\/strong> <a href=\"mailto:info@rottaler-gc.de\">info@rottaler-gc.de<\/a>\r\n\r\n<strong>Spielbahnen\/Par: <\/strong>18\/72\r\n\r\n<strong>La\u0308nge: <\/strong>gelb: 5.948m \/ rot: 5.249m\r\n\r\n<strong>Anfahrt:\r\n<\/strong>Von Bad Griesbach: B388 \u2192 Pfarrk.; nach Umgehung Pfarrk. Ausf. \u201eRottaler Golf-club\u201c, Beschilderung folgen (nach Rottbr\u00fccke rechts \u2192 ca. 3 km bis Golfplatz). Von M\u00fcnchen: A92 \u2192 Landau; bei Ausf. links \u2192 Burghausen \/ Eggenf. (B20\/blaue Route); in Eggenfelden-Ost \u2192 B388 \u2192 Passau\/Pfarrk. auffahren; nach ca. 6 km rechts \u2192 \u201eRottaler Golf-club\u201c \u2192 Beschilderung folgen.","partner_logo":903,"partner_gallery":[3734,3793],"partner_lat":48.418213,"partner_long":12.865998,"partner_type":"golfclub","partner_openings":["1","2","3","4","5","6","7"],"montag_von_bis":"00:00 - 24:00","dienstag_von_bis":"00:00 - 24:00","mittwoch_von_bis":"00:00 - 24:00","donnerstag_von_bis":"00:00 - 24:00","freitag_von_bis":"00:00 - 24:00","samstag_von_bis":"00:00 - 24:00","sonntag_von_bis":"00:00 - 24:00","partner_adresse":"Fischgartl 2, 84332 Hebertsfelden","partner_land_bundesland":"Deutschland","partner_tel_1":"0049 (0)8561-2646","partner_tel_2":"0049 8561 5969","partner_web":"http:\/\/www.rottaler-gc.de","partner_mail":"info@rottaler-gc.de","partner_spielbahnen_par":"18\/72","partner_laenge":"gelb: 5.948m \/ rot: 5.249m","partner_bedingungen":"","partner_anfahrt":"Von Bad Griesbach: B388 \u2192 Pfarrk.; nach Umgehung Pfarrk. Ausf. \u201eRottaler Golf-club\u201c, Beschilderung folgen (nach Rottbr\u00fccke rechts \u2192 ca. 3 km bis Golfplatz). Von M\u00fcnchen: A92 \u2192 Landau; bei Ausf. links \u2192 Burghausen \/ Eggenf. (B20\/blaue Route); in Eggenfelden-Ost \u2192 B388 \u2192 Passau\/Pfarrk. auffahren; nach ca. 6 km rechts \u2192 \u201eRottaler Golf-club\u201c \u2192 Beschilderung folgen.","partner_misc":null,"additional_css_classes":""},"yoast_head":"<!-- This site is optimized with the Yoast SEO plugin v26.8 - https:\/\/yoast.com\/product\/yoast-seo-wordpress\/ -->\n<title>GC Rottaler Golfclub - Fairway 2 Hotel<\/title>\n<meta name=\"robots\" content=\"index, follow, max-snippet:-1, max-image-preview:large, max-video-preview:-1\" \/>\n<link rel=\"canonical\" href=\"https:\/\/fairway2hotel.at\/en\/golfclubs\/deutschland\/rottaler-golfclub\/\" \/>\n<meta property=\"og:locale\" content=\"en_US\" \/>\n<meta property=\"og:type\" content=\"article\" \/>\n<meta property=\"og:title\" content=\"GC Rottaler Golfclub - Fairway 2 Hotel\" \/>\n<meta property=\"og:description\" content=\"Rottaler Golf-Oase mit Drive und bodenst\u00e4ndischem Charme Perfekt eingepasst ins sanft geschwungene niederbayerische H\u00fcgelland, vom Fl\u00fcsschen Rott durchzogen, ges\u00e4umt von m\u00e4chtigem, Schatten spendenden Baumbestand, pr\u00e4sentiert sich der 18-Loch-Meisterschaftskurs des Rottaler Golf &amp; Country Clubs als wahre Symbiose in Gr\u00fcn. Der traditionsreiche Club, 1972 von Golf-Enthusiasten mit Weitblick gegr\u00fcndet, besticht durch Top-Design, gepflegte Fairways, schnelle Gr\u00fcns [&hellip;]\" \/>\n<meta property=\"og:url\" content=\"https:\/\/fairway2hotel.at\/en\/golfclubs\/deutschland\/rottaler-golfclub\/\" \/>\n<meta property=\"og:site_name\" content=\"Fairway 2 Hotel\" \/>\n<meta property=\"article:modified_time\" content=\"2025-03-08T15:55:10+00:00\" \/>\n<meta name=\"twitter:card\" content=\"summary_large_image\" \/>\n<meta name=\"twitter:label1\" content=\"Est. reading time\" \/>\n\t<meta name=\"twitter:data1\" content=\"2 minutes\" \/>\n<script type=\"application\/ld+json\" class=\"yoast-schema-graph\">{\"@context\":\"https:\/\/schema.org\",\"@graph\":[{\"@type\":\"WebPage\",\"@id\":\"https:\/\/fairway2hotel.at\/en\/golfclubs\/deutschland\/rottaler-golfclub\/\",\"url\":\"https:\/\/fairway2hotel.at\/en\/golfclubs\/deutschland\/rottaler-golfclub\/\",\"name\":\"GC Rottaler Golfclub - Fairway 2 Hotel\",\"isPartOf\":{\"@id\":\"https:\/\/fairway2hotel.at\/en\/#website\"},\"datePublished\":\"2012-10-24T04:11:55+00:00\",\"dateModified\":\"2025-03-08T15:55:10+00:00\",\"breadcrumb\":{\"@id\":\"https:\/\/fairway2hotel.at\/en\/golfclubs\/deutschland\/rottaler-golfclub\/#breadcrumb\"},\"inLanguage\":\"en-US\",\"potentialAction\":[{\"@type\":\"ReadAction\",\"target\":[\"https:\/\/fairway2hotel.at\/en\/golfclubs\/deutschland\/rottaler-golfclub\/\"]}]},{\"@type\":\"BreadcrumbList\",\"@id\":\"https:\/\/fairway2hotel.at\/en\/golfclubs\/deutschland\/rottaler-golfclub\/#breadcrumb\",\"itemListElement\":[{\"@type\":\"ListItem\",\"position\":1,\"name\":\"Home\",\"item\":\"https:\/\/fairway2hotel.at\/en\/\"},{\"@type\":\"ListItem\",\"position\":2,\"name\":\"Golfclubs\",\"item\":\"https:\/\/fairway2hotel.at\/en\/golfclubs\/\"},{\"@type\":\"ListItem\",\"position\":3,\"name\":\"Golfclubs Deutschland\",\"item\":\"https:\/\/fairway2hotel.at\/en\/golfclubs\/deutschland\/\"},{\"@type\":\"ListItem\",\"position\":4,\"name\":\"GC Rottaler Golfclub\"}]},{\"@type\":\"WebSite\",\"@id\":\"https:\/\/fairway2hotel.at\/en\/#website\",\"url\":\"https:\/\/fairway2hotel.at\/en\/\",\"name\":\"Fairway 2 Hotel\",\"description\":\"Golf at half price! 2 play - 1 pays\",\"potentialAction\":[{\"@type\":\"SearchAction\",\"target\":{\"@type\":\"EntryPoint\",\"urlTemplate\":\"https:\/\/fairway2hotel.at\/en\/?s={search_term_string}\"},\"query-input\":{\"@type\":\"PropertyValueSpecification\",\"valueRequired\":true,\"valueName\":\"search_term_string\"}}],\"inLanguage\":\"en-US\"}]}<\/script>\n<!-- \/ Yoast SEO plugin. -->","yoast_head_json":{"title":"GC Rottaler Golfclub - Fairway 2 Hotel","robots":{"index":"index","follow":"follow","max-snippet":"max-snippet:-1","max-image-preview":"max-image-preview:large","max-video-preview":"max-video-preview:-1"},"canonical":"https:\/\/fairway2hotel.at\/en\/golfclubs\/deutschland\/rottaler-golfclub\/","og_locale":"en_US","og_type":"article","og_title":"GC Rottaler Golfclub - Fairway 2 Hotel","og_description":"Rottaler Golf-Oase mit Drive und bodenst\u00e4ndischem Charme Perfekt eingepasst ins sanft geschwungene niederbayerische H\u00fcgelland, vom Fl\u00fcsschen Rott durchzogen, ges\u00e4umt von m\u00e4chtigem, Schatten spendenden Baumbestand, pr\u00e4sentiert sich der 18-Loch-Meisterschaftskurs des Rottaler Golf &amp; Country Clubs als wahre Symbiose in Gr\u00fcn. Der traditionsreiche Club, 1972 von Golf-Enthusiasten mit Weitblick gegr\u00fcndet, besticht durch Top-Design, gepflegte Fairways, schnelle Gr\u00fcns [&hellip;]","og_url":"https:\/\/fairway2hotel.at\/en\/golfclubs\/deutschland\/rottaler-golfclub\/","og_site_name":"Fairway 2 Hotel","article_modified_time":"2025-03-08T15:55:10+00:00","twitter_card":"summary_large_image","twitter_misc":{"Est. reading time":"2 minutes"},"schema":{"@context":"https:\/\/schema.org","@graph":[{"@type":"WebPage","@id":"https:\/\/fairway2hotel.at\/en\/golfclubs\/deutschland\/rottaler-golfclub\/","url":"https:\/\/fairway2hotel.at\/en\/golfclubs\/deutschland\/rottaler-golfclub\/","name":"GC Rottaler Golfclub - Fairway 2 Hotel","isPartOf":{"@id":"https:\/\/fairway2hotel.at\/en\/#website"},"datePublished":"2012-10-24T04:11:55+00:00","dateModified":"2025-03-08T15:55:10+00:00","breadcrumb":{"@id":"https:\/\/fairway2hotel.at\/en\/golfclubs\/deutschland\/rottaler-golfclub\/#breadcrumb"},"inLanguage":"en-US","potentialAction":[{"@type":"ReadAction","target":["https:\/\/fairway2hotel.at\/en\/golfclubs\/deutschland\/rottaler-golfclub\/"]}]},{"@type":"BreadcrumbList","@id":"https:\/\/fairway2hotel.at\/en\/golfclubs\/deutschland\/rottaler-golfclub\/#breadcrumb","itemListElement":[{"@type":"ListItem","position":1,"name":"Home","item":"https:\/\/fairway2hotel.at\/en\/"},{"@type":"ListItem","position":2,"name":"Golfclubs","item":"https:\/\/fairway2hotel.at\/en\/golfclubs\/"},{"@type":"ListItem","position":3,"name":"Golfclubs Deutschland","item":"https:\/\/fairway2hotel.at\/en\/golfclubs\/deutschland\/"},{"@type":"ListItem","position":4,"name":"GC Rottaler Golfclub"}]},{"@type":"WebSite","@id":"https:\/\/fairway2hotel.at\/en\/#website","url":"https:\/\/fairway2hotel.at\/en\/","name":"Fairway 2 Hotel","description":"Golf at half price! 2 play - 1 pays","potentialAction":[{"@type":"SearchAction","target":{"@type":"EntryPoint","urlTemplate":"https:\/\/fairway2hotel.at\/en\/?s={search_term_string}"},"query-input":{"@type":"PropertyValueSpecification","valueRequired":true,"valueName":"search_term_string"}}],"inLanguage":"en-US"}]}},"_links":{"self":[{"href":"https:\/\/fairway2hotel.at\/en\/wp-json\/wp\/v2\/pages\/904","targetHints":{"allow":["GET"]}}],"collection":[{"href":"https:\/\/fairway2hotel.at\/en\/wp-json\/wp\/v2\/pages"}],"about":[{"href":"https:\/\/fairway2hotel.at\/en\/wp-json\/wp\/v2\/types\/page"}],"author":[{"embeddable":true,"href":"https:\/\/fairway2hotel.at\/en\/wp-json\/wp\/v2\/users\/1"}],"replies":[{"embeddable":true,"href":"https:\/\/fairway2hotel.at\/en\/wp-json\/wp\/v2\/comments?post=904"}],"version-history":[{"count":11,"href":"https:\/\/fairway2hotel.at\/en\/wp-json\/wp\/v2\/pages\/904\/revisions"}],"predecessor-version":[{"id":46369,"href":"https:\/\/fairway2hotel.at\/en\/wp-json\/wp\/v2\/pages\/904\/revisions\/46369"}],"up":[{"embeddable":true,"href":"https:\/\/fairway2hotel.at\/en\/wp-json\/wp\/v2\/pages\/1607"}],"acf:attachment":[{"embeddable":true,"href":"https:\/\/fairway2hotel.at\/en\/wp-json\/wp\/v2\/media\/3793"},{"embeddable":true,"href":"https:\/\/fairway2hotel.at\/en\/wp-json\/wp\/v2\/media\/3734"}],"wp:attachment":[{"href":"https:\/\/fairway2hotel.at\/en\/wp-json\/wp\/v2\/media?parent=904"}],"curies":[{"name":"wp","href":"https:\/\/api.w.org\/{rel}","templated":true}]}}