{"id":907,"date":"2012-10-24T06:12:27","date_gmt":"2012-10-24T04:12:27","guid":{"rendered":"https:\/\/f2h.app\/golfanlage-rottbach\/"},"modified":"2026-03-08T16:07:32","modified_gmt":"2026-03-08T15:07:32","slug":"golfanlage-rottbach","status":"publish","type":"page","link":"https:\/\/fairway2hotel.at\/en\/golfclubs\/deutschland\/golfanlage-rottbach\/","title":{"rendered":"GC Rottbach"},"content":{"rendered":"<h2>XXL-Golf auf 30 Spielbahnen vor den Toren M\u00fcnchens<\/h2>\n<p>Die Golfanlage Rottbach, nur 20 Autominuten von M\u00fcnchen entfernt, bietet Golfern aller Spielst\u00e4rken optimale Spiel- und Trainingsbedingungen.<\/p>\n<p>Auf 27 abwechslungsreichen Spielbahnen, einem 3-Loch Platz sowie der weitl\u00e4ufigen Driving Range mit verschiedenen \u00dcbungsgr\u00fcns findet das Golferherz alles was es f\u00fcr einen gelungen Golftag braucht.<\/p>\n<p>Der renommierte Golfplatz-Designer Thomas Himmel hat mit dieser Anlage seine besondere Klasse unter Beweis gestellt. Die Kombinationsm\u00f6glichkeiten aus 3 mal 9 harmonisch in die oberbayrische Landschaft eingef\u00fcgten Bahnen und freier Blick auf das Alpenpanorama sind nur einige \u201eKomm-Gr\u00fcnde\u201c der Golfanlage Rottbach.<\/p>\n<h2>XXL golf on 30 holes on the outskirts of Munich<\/h2>\n<p>The Rottbach golf course, just 20 minutes by car from Munich, offers golfers of all levels optimum playing and training conditions.<\/p>\n<p>On 27 varied fairways, a 3-hole course and the extensive driving range with various practice greens, golfers will find everything they need for a successful day of golf.<\/p>\n<p>The renowned golf course designer Thomas Himmel has demonstrated his special class with this course. The combination of 3 x 9 holes harmoniously integrated into the Upper Bavarian landscape and an unobstructed view of the Alpine panorama are just some of the \u2018reasons to come\u2019 to the Rottbach golf course.<\/p>\n","protected":false},"excerpt":{"rendered":"<p>XXL-Golf auf 30 Spielbahnen vor den Toren M\u00fcnchens Die Golfanlage Rottbach, nur 20 Autominuten von M\u00fcnchen entfernt, bietet Golfern aller Spielst\u00e4rken optimale Spiel- und Trainingsbedingungen. Auf 27 abwechslungsreichen Spielbahnen, einem 3-Loch Platz sowie der weitl\u00e4ufigen Driving Range mit verschiedenen \u00dcbungsgr\u00fcns findet das Golferherz alles was es f\u00fcr einen gelungen Golftag braucht. Der renommierte Golfplatz-Designer Thomas [&hellip;]<\/p>\n","protected":false},"author":1,"featured_media":0,"parent":1607,"menu_order":170,"comment_status":"closed","ping_status":"closed","template":"page-partner.php","meta":{"_acf_changed":false,"footnotes":""},"class_list":["post-907","page","type-page","status-publish","hentry"],"acf":{"partner_infobox":"<strong>Adresse:\u00a0<\/strong>Weiherhaus 5, D-82216 Rottbach\r\n\r\n<strong>Tel:\u00a0<\/strong>08135\/9329-0\r\n\r\n<strong>Fax:\u00a0<\/strong>08135\/9329-11\r\n\r\n<strong>Web: <\/strong><a href=\"http:\/\/www.rottbach.de\" target=\"_blank\" rel=\"nofollow noopener\">www.rottbach.de<\/a>\r\n\r\n<strong>E-Mail:<\/strong> <a href=\"mailto:info@rottbach.de\">info@rottbach.de<\/a>\r\n\r\n<strong>Spielbahnen\/Par: <\/strong>27\/72\r\n\r\n<strong>La\u0308nge: <\/strong>gelb: 6006 m\/rot: 5196 m\r\n\r\n<em><strong>Bedingungen:\r\n<\/strong>Spielrecht Montag bis Donnerstag; Startzeitenreservierung erforderlich.<\/em>\r\n\r\n<strong>Anfahrt:\r\n<\/strong>Die A8 M\u00fcnchen-Stuttgart verlassen sie \u00fcber die Ausfahrt Sulzemoos. Von dort fahren sie weiter Richtung Maisach bis \u00dcberacker. In \u00dcberacker fahren sie rechts Richtung Rottbach.","partner_logo":906,"partner_gallery":[905,47373,47375],"partner_lat":48.247689,"partner_long":11.25996,"partner_type":"golfclub","partner_openings":["1","2","3","4"],"montag_von_bis":"00:00 - 24:00","dienstag_von_bis":"00:00 - 24:00","mittwoch_von_bis":"00:00 - 24:00","donnerstag_von_bis":"00:00 - 24:00","freitag_von_bis":"00:00 - 24:00","samstag_von_bis":"00:00 - 24:00","sonntag_von_bis":"00:00 - 24:00","partner_adresse":"Weiherhaus 5, 82216 Rottbach","partner_land_bundesland":"Deutschland","partner_tel_1":"08135\/9329-11","partner_tel_2":"0049 8135 93290","partner_web":"https:\/\/golfanlage-rottbach.de\/","partner_mail":"info@rottbach.de","partner_spielbahnen_par":"27\/72","partner_laenge":"gelb: 6006 m\/rot: 5196 m","partner_bedingungen":"GS einl\u00f6sbar MO-Do\r\nvouchers redeemable Mon-Thu","partner_anfahrt":"Die A8 M\u00fcnchen-Stuttgart verlassen sie \u00fcber die Ausfahrt Sulzemoos. Von dort fahren sie weiter Richtung Maisach bis \u00dcberacker. In \u00dcberacker fahren sie rechts Richtung Rottbach.","partner_misc":null,"additional_css_classes":""},"yoast_head":"<!-- This site is optimized with the Yoast SEO plugin v26.8 - https:\/\/yoast.com\/product\/yoast-seo-wordpress\/ -->\n<title>GC Rottbach - Fairway 2 Hotel<\/title>\n<meta name=\"robots\" content=\"index, follow, max-snippet:-1, max-image-preview:large, max-video-preview:-1\" \/>\n<link rel=\"canonical\" href=\"https:\/\/fairway2hotel.at\/en\/golfclubs\/deutschland\/golfanlage-rottbach\/\" \/>\n<meta property=\"og:locale\" content=\"en_US\" \/>\n<meta property=\"og:type\" content=\"article\" \/>\n<meta property=\"og:title\" content=\"GC Rottbach - Fairway 2 Hotel\" \/>\n<meta property=\"og:description\" content=\"XXL-Golf auf 30 Spielbahnen vor den Toren M\u00fcnchens Die Golfanlage Rottbach, nur 20 Autominuten von M\u00fcnchen entfernt, bietet Golfern aller Spielst\u00e4rken optimale Spiel- und Trainingsbedingungen. Auf 27 abwechslungsreichen Spielbahnen, einem 3-Loch Platz sowie der weitl\u00e4ufigen Driving Range mit verschiedenen \u00dcbungsgr\u00fcns findet das Golferherz alles was es f\u00fcr einen gelungen Golftag braucht. Der renommierte Golfplatz-Designer Thomas [&hellip;]\" \/>\n<meta property=\"og:url\" content=\"https:\/\/fairway2hotel.at\/en\/golfclubs\/deutschland\/golfanlage-rottbach\/\" \/>\n<meta property=\"og:site_name\" content=\"Fairway 2 Hotel\" \/>\n<meta property=\"article:modified_time\" content=\"2026-03-08T15:07:32+00:00\" \/>\n<meta name=\"twitter:card\" content=\"summary_large_image\" \/>\n<meta name=\"twitter:label1\" content=\"Est. reading time\" \/>\n\t<meta name=\"twitter:data1\" content=\"2 minutes\" \/>\n<script type=\"application\/ld+json\" class=\"yoast-schema-graph\">{\"@context\":\"https:\/\/schema.org\",\"@graph\":[{\"@type\":\"WebPage\",\"@id\":\"https:\/\/fairway2hotel.at\/en\/golfclubs\/deutschland\/golfanlage-rottbach\/\",\"url\":\"https:\/\/fairway2hotel.at\/en\/golfclubs\/deutschland\/golfanlage-rottbach\/\",\"name\":\"GC Rottbach - Fairway 2 Hotel\",\"isPartOf\":{\"@id\":\"https:\/\/fairway2hotel.at\/en\/#website\"},\"datePublished\":\"2012-10-24T04:12:27+00:00\",\"dateModified\":\"2026-03-08T15:07:32+00:00\",\"breadcrumb\":{\"@id\":\"https:\/\/fairway2hotel.at\/en\/golfclubs\/deutschland\/golfanlage-rottbach\/#breadcrumb\"},\"inLanguage\":\"en-US\",\"potentialAction\":[{\"@type\":\"ReadAction\",\"target\":[\"https:\/\/fairway2hotel.at\/en\/golfclubs\/deutschland\/golfanlage-rottbach\/\"]}]},{\"@type\":\"BreadcrumbList\",\"@id\":\"https:\/\/fairway2hotel.at\/en\/golfclubs\/deutschland\/golfanlage-rottbach\/#breadcrumb\",\"itemListElement\":[{\"@type\":\"ListItem\",\"position\":1,\"name\":\"Home\",\"item\":\"https:\/\/fairway2hotel.at\/en\/\"},{\"@type\":\"ListItem\",\"position\":2,\"name\":\"Golfclubs\",\"item\":\"https:\/\/fairway2hotel.at\/en\/golfclubs\/\"},{\"@type\":\"ListItem\",\"position\":3,\"name\":\"Golfclubs Deutschland\",\"item\":\"https:\/\/fairway2hotel.at\/en\/golfclubs\/deutschland\/\"},{\"@type\":\"ListItem\",\"position\":4,\"name\":\"GC Rottbach\"}]},{\"@type\":\"WebSite\",\"@id\":\"https:\/\/fairway2hotel.at\/en\/#website\",\"url\":\"https:\/\/fairway2hotel.at\/en\/\",\"name\":\"Fairway 2 Hotel\",\"description\":\"Golf at half price! 2 play - 1 pays\",\"potentialAction\":[{\"@type\":\"SearchAction\",\"target\":{\"@type\":\"EntryPoint\",\"urlTemplate\":\"https:\/\/fairway2hotel.at\/en\/?s={search_term_string}\"},\"query-input\":{\"@type\":\"PropertyValueSpecification\",\"valueRequired\":true,\"valueName\":\"search_term_string\"}}],\"inLanguage\":\"en-US\"}]}<\/script>\n<!-- \/ Yoast SEO plugin. -->","yoast_head_json":{"title":"GC Rottbach - Fairway 2 Hotel","robots":{"index":"index","follow":"follow","max-snippet":"max-snippet:-1","max-image-preview":"max-image-preview:large","max-video-preview":"max-video-preview:-1"},"canonical":"https:\/\/fairway2hotel.at\/en\/golfclubs\/deutschland\/golfanlage-rottbach\/","og_locale":"en_US","og_type":"article","og_title":"GC Rottbach - Fairway 2 Hotel","og_description":"XXL-Golf auf 30 Spielbahnen vor den Toren M\u00fcnchens Die Golfanlage Rottbach, nur 20 Autominuten von M\u00fcnchen entfernt, bietet Golfern aller Spielst\u00e4rken optimale Spiel- und Trainingsbedingungen. Auf 27 abwechslungsreichen Spielbahnen, einem 3-Loch Platz sowie der weitl\u00e4ufigen Driving Range mit verschiedenen \u00dcbungsgr\u00fcns findet das Golferherz alles was es f\u00fcr einen gelungen Golftag braucht. Der renommierte Golfplatz-Designer Thomas [&hellip;]","og_url":"https:\/\/fairway2hotel.at\/en\/golfclubs\/deutschland\/golfanlage-rottbach\/","og_site_name":"Fairway 2 Hotel","article_modified_time":"2026-03-08T15:07:32+00:00","twitter_card":"summary_large_image","twitter_misc":{"Est. reading time":"2 minutes"},"schema":{"@context":"https:\/\/schema.org","@graph":[{"@type":"WebPage","@id":"https:\/\/fairway2hotel.at\/en\/golfclubs\/deutschland\/golfanlage-rottbach\/","url":"https:\/\/fairway2hotel.at\/en\/golfclubs\/deutschland\/golfanlage-rottbach\/","name":"GC Rottbach - Fairway 2 Hotel","isPartOf":{"@id":"https:\/\/fairway2hotel.at\/en\/#website"},"datePublished":"2012-10-24T04:12:27+00:00","dateModified":"2026-03-08T15:07:32+00:00","breadcrumb":{"@id":"https:\/\/fairway2hotel.at\/en\/golfclubs\/deutschland\/golfanlage-rottbach\/#breadcrumb"},"inLanguage":"en-US","potentialAction":[{"@type":"ReadAction","target":["https:\/\/fairway2hotel.at\/en\/golfclubs\/deutschland\/golfanlage-rottbach\/"]}]},{"@type":"BreadcrumbList","@id":"https:\/\/fairway2hotel.at\/en\/golfclubs\/deutschland\/golfanlage-rottbach\/#breadcrumb","itemListElement":[{"@type":"ListItem","position":1,"name":"Home","item":"https:\/\/fairway2hotel.at\/en\/"},{"@type":"ListItem","position":2,"name":"Golfclubs","item":"https:\/\/fairway2hotel.at\/en\/golfclubs\/"},{"@type":"ListItem","position":3,"name":"Golfclubs Deutschland","item":"https:\/\/fairway2hotel.at\/en\/golfclubs\/deutschland\/"},{"@type":"ListItem","position":4,"name":"GC Rottbach"}]},{"@type":"WebSite","@id":"https:\/\/fairway2hotel.at\/en\/#website","url":"https:\/\/fairway2hotel.at\/en\/","name":"Fairway 2 Hotel","description":"Golf at half price! 2 play - 1 pays","potentialAction":[{"@type":"SearchAction","target":{"@type":"EntryPoint","urlTemplate":"https:\/\/fairway2hotel.at\/en\/?s={search_term_string}"},"query-input":{"@type":"PropertyValueSpecification","valueRequired":true,"valueName":"search_term_string"}}],"inLanguage":"en-US"}]}},"_links":{"self":[{"href":"https:\/\/fairway2hotel.at\/en\/wp-json\/wp\/v2\/pages\/907","targetHints":{"allow":["GET"]}}],"collection":[{"href":"https:\/\/fairway2hotel.at\/en\/wp-json\/wp\/v2\/pages"}],"about":[{"href":"https:\/\/fairway2hotel.at\/en\/wp-json\/wp\/v2\/types\/page"}],"author":[{"embeddable":true,"href":"https:\/\/fairway2hotel.at\/en\/wp-json\/wp\/v2\/users\/1"}],"replies":[{"embeddable":true,"href":"https:\/\/fairway2hotel.at\/en\/wp-json\/wp\/v2\/comments?post=907"}],"version-history":[{"count":8,"href":"https:\/\/fairway2hotel.at\/en\/wp-json\/wp\/v2\/pages\/907\/revisions"}],"predecessor-version":[{"id":53120,"href":"https:\/\/fairway2hotel.at\/en\/wp-json\/wp\/v2\/pages\/907\/revisions\/53120"}],"up":[{"embeddable":true,"href":"https:\/\/fairway2hotel.at\/en\/wp-json\/wp\/v2\/pages\/1607"}],"acf:attachment":[{"embeddable":true,"href":"https:\/\/fairway2hotel.at\/en\/wp-json\/wp\/v2\/media\/47375"},{"embeddable":true,"href":"https:\/\/fairway2hotel.at\/en\/wp-json\/wp\/v2\/media\/47373"},{"embeddable":true,"href":"https:\/\/fairway2hotel.at\/en\/wp-json\/wp\/v2\/media\/905"}],"wp:attachment":[{"href":"https:\/\/fairway2hotel.at\/en\/wp-json\/wp\/v2\/media?parent=907"}],"curies":[{"name":"wp","href":"https:\/\/api.w.org\/{rel}","templated":true}]}}