{"id":925,"date":"2012-10-24T06:24:28","date_gmt":"2012-10-24T04:24:28","guid":{"rendered":"https:\/\/f2h.app\/asolo-golf-club\/"},"modified":"2026-02-18T13:56:40","modified_gmt":"2026-02-18T12:56:40","slug":"asolo-golf-club","status":"publish","type":"page","link":"https:\/\/fairway2hotel.at\/en\/golfclubs\/italien\/asolo-golf-club\/","title":{"rendered":"GC Asolo Golf Club"},"content":{"rendered":"<h2>Golfen und Prosecco genie\u00dfen in atemberaubendem Panorama<\/h2>\n<p>Der Asolo Golf Club ist eingebettet in der wundersch\u00f6nen Landschaft der Asolaner H\u00fcgel, umgeben von den Venezianischen Voralpen unter dem majest\u00e4tischen Monte Grappa und von der Prosecco Stra\u00dfe im Valdobbiadene Tal. In einer Atmosph\u00e4re gepr\u00e4gt von Professionalit\u00e4t und Herzlichkeit entdecken die Besucher 27 wundersch\u00f6ne Golfl\u00f6cher sowie ein sagenhaftes Clubhaus entworfen vom den ber\u00fchmten Architekt Luigi Vietti . Nach den Spiel genie\u00dft man bei uns \u201edas 28. Loch\u201c, ein bekanntes Restaurant, sowie Swimmingpool, Sauna, u.v.m. Eine gro\u00dfz\u00fcgige Driving Range, Putting und Pitching Gr\u00fcns laden zum \u00dcben ein. Unsere G\u00e4ste k\u00f6nnen in einem der neu eingerichtet Zimmer in unserem G\u00e4stehaus \u00fcbernachten oder in einem der vielen Apartments direkt auf den Kurs wohnen.<\/p>\n<p>Wir freuen uns auf Ihren Besuch. Ihr Asolo Golf Team!<\/p>\n<h2>Golfing and enjoying Prosecco in a breathtaking panorama<\/h2>\n<p>The Asolo Golf Club is nestled in the beautiful landscape of the Asolo hills, surrounded by the Venetian Prealps under the majestic Monte Grappa and by the Prosecco Road in the Valdobbiadene Valley. In an atmosphere characterised by professionalism and cordiality, visitors will discover 27 beautiful golf holes and a fabulous clubhouse designed by the famous architect Luigi Vietti. After the game you can enjoy \u2018the 28th hole\u2019, a famous restaurant, swimming pool, sauna and much more. A spacious driving range, putting and pitching greens invite you to practise. Our guests can stay overnight in one of the newly furnished rooms in our guest house or in one of the many flats directly on the course.<\/p>\n<p>We look forward to your visit. Your Asolo Golf Team!<\/p>\n","protected":false},"excerpt":{"rendered":"<p>Golfen und Prosecco genie\u00dfen in atemberaubendem Panorama Der Asolo Golf Club ist eingebettet in der wundersch\u00f6nen Landschaft der Asolaner H\u00fcgel, umgeben von den Venezianischen Voralpen unter dem majest\u00e4tischen Monte Grappa und von der Prosecco Stra\u00dfe im Valdobbiadene Tal. In einer Atmosph\u00e4re gepr\u00e4gt von Professionalit\u00e4t und Herzlichkeit entdecken die Besucher 27 wundersch\u00f6ne Golfl\u00f6cher sowie ein sagenhaftes [&hellip;]<\/p>\n","protected":false},"author":1,"featured_media":0,"parent":1657,"menu_order":25,"comment_status":"closed","ping_status":"closed","template":"page-partner.php","meta":{"_acf_changed":false,"footnotes":""},"class_list":["post-925","page","type-page","status-publish","hentry"],"acf":{"partner_infobox":"<strong>Adresse:\u00a0<\/strong>Via del Borghi 1, 31034 Cavaso del Tomba - Treviso\r\n\r\n<strong>Tel:\u00a0<\/strong>0423942211\r\n<strong>Fax:\u00a0<\/strong>0423543226\r\n\r\n<strong>Web: <\/strong><a href=\"http:\/\/www.asologolf.it\" target=\"_blank\" rel=\"nofollow noopener\">www.asologolf.it<\/a>\r\n\r\n<strong>E-Mail:<\/strong> <a href=\"mailto:info@asologolf.it\">info@asologolf.it<\/a>\r\n\r\n<strong>Spielbahnen\/Par: <\/strong>27\/72\r\n\r\n<strong>La\u0308nge:\r\n<\/strong>gelb: 3.077 m \/ rot: 3.162 m \/ gr\u00fcn: 2.137 m\r\n\r\n<strong>Anfahrt:\r\n<\/strong>Von Treviso ss 348 Ausfart Possagno- Cavaso del Tomba; Von Bassano del Grappa sp 26 Pedemontana del Grappa ausfart-Cavaso del Tomba; Von Trient ueber Feltre Ausfart Cavaso del Tomba","partner_logo":924,"partner_gallery":[923,47436,47438,47440],"partner_lat":45.863311,"partner_long":11.930133,"partner_type":"golfclub","partner_openings":["1","2","3","4","5","6","7"],"montag_von_bis":"00:00 - 24:00","dienstag_von_bis":"00:00 - 24:00","mittwoch_von_bis":"00:00 - 24:00","donnerstag_von_bis":"00:00 - 24:00","freitag_von_bis":"00:00 - 24:00","samstag_von_bis":"00:00 - 24:00","sonntag_von_bis":"00:00 - 24:00","partner_adresse":"Via del Borghi 1, 31034 Cavaso del Tomba - Treviso","partner_land_bundesland":"Italien","partner_tel_1":"0039 0423 942211","partner_tel_2":"+39 042 3942211","partner_web":"http:\/\/www.asologolf.it","partner_mail":"info@asologolf.it","partner_spielbahnen_par":"27\/72","partner_laenge":"gelb: 3.077 m \/ rot: 3.162 m \/ gr\u00fcn: 2.137 m","partner_bedingungen":"Gutschein jederzeit einl\u00f6sbar, allerdings nur mit Angabe der email Adresse im Golfclub\r\nvouchers redeemable every day with leaving your email in the Golf Club","partner_anfahrt":"Von Treviso ss 348 Ausfart Possagno- Cavaso del Tomba; Von Bassano del Grappa sp 26 Pedemontana del Grappa ausfart-Cavaso del Tomba; Von Trient ueber Feltre Ausfart Cavaso del Tomba","partner_misc":null,"additional_css_classes":""},"yoast_head":"<!-- This site is optimized with the Yoast SEO plugin v26.8 - https:\/\/yoast.com\/product\/yoast-seo-wordpress\/ -->\n<title>GC Asolo Golf Club - Fairway 2 Hotel<\/title>\n<meta name=\"robots\" content=\"index, follow, max-snippet:-1, max-image-preview:large, max-video-preview:-1\" \/>\n<link rel=\"canonical\" href=\"https:\/\/fairway2hotel.at\/en\/golfclubs\/italien\/asolo-golf-club\/\" \/>\n<meta property=\"og:locale\" content=\"en_US\" \/>\n<meta property=\"og:type\" content=\"article\" \/>\n<meta property=\"og:title\" content=\"GC Asolo Golf Club - Fairway 2 Hotel\" \/>\n<meta property=\"og:description\" content=\"Golfen und Prosecco genie\u00dfen in atemberaubendem Panorama Der Asolo Golf Club ist eingebettet in der wundersch\u00f6nen Landschaft der Asolaner H\u00fcgel, umgeben von den Venezianischen Voralpen unter dem majest\u00e4tischen Monte Grappa und von der Prosecco Stra\u00dfe im Valdobbiadene Tal. In einer Atmosph\u00e4re gepr\u00e4gt von Professionalit\u00e4t und Herzlichkeit entdecken die Besucher 27 wundersch\u00f6ne Golfl\u00f6cher sowie ein sagenhaftes [&hellip;]\" \/>\n<meta property=\"og:url\" content=\"https:\/\/fairway2hotel.at\/en\/golfclubs\/italien\/asolo-golf-club\/\" \/>\n<meta property=\"og:site_name\" content=\"Fairway 2 Hotel\" \/>\n<meta property=\"article:modified_time\" content=\"2026-02-18T12:56:40+00:00\" \/>\n<meta name=\"twitter:card\" content=\"summary_large_image\" \/>\n<meta name=\"twitter:label1\" content=\"Est. reading time\" \/>\n\t<meta name=\"twitter:data1\" content=\"2 minutes\" \/>\n<script type=\"application\/ld+json\" class=\"yoast-schema-graph\">{\"@context\":\"https:\/\/schema.org\",\"@graph\":[{\"@type\":\"WebPage\",\"@id\":\"https:\/\/fairway2hotel.at\/en\/golfclubs\/italien\/asolo-golf-club\/\",\"url\":\"https:\/\/fairway2hotel.at\/en\/golfclubs\/italien\/asolo-golf-club\/\",\"name\":\"GC Asolo Golf Club - Fairway 2 Hotel\",\"isPartOf\":{\"@id\":\"https:\/\/fairway2hotel.at\/en\/#website\"},\"datePublished\":\"2012-10-24T04:24:28+00:00\",\"dateModified\":\"2026-02-18T12:56:40+00:00\",\"breadcrumb\":{\"@id\":\"https:\/\/fairway2hotel.at\/en\/golfclubs\/italien\/asolo-golf-club\/#breadcrumb\"},\"inLanguage\":\"en-US\",\"potentialAction\":[{\"@type\":\"ReadAction\",\"target\":[\"https:\/\/fairway2hotel.at\/en\/golfclubs\/italien\/asolo-golf-club\/\"]}]},{\"@type\":\"BreadcrumbList\",\"@id\":\"https:\/\/fairway2hotel.at\/en\/golfclubs\/italien\/asolo-golf-club\/#breadcrumb\",\"itemListElement\":[{\"@type\":\"ListItem\",\"position\":1,\"name\":\"Home\",\"item\":\"https:\/\/fairway2hotel.at\/en\/\"},{\"@type\":\"ListItem\",\"position\":2,\"name\":\"Golfclubs\",\"item\":\"https:\/\/fairway2hotel.at\/en\/golfclubs\/\"},{\"@type\":\"ListItem\",\"position\":3,\"name\":\"Golfclubs Italien\",\"item\":\"https:\/\/fairway2hotel.at\/en\/golfclubs\/italien\/\"},{\"@type\":\"ListItem\",\"position\":4,\"name\":\"GC Asolo Golf Club\"}]},{\"@type\":\"WebSite\",\"@id\":\"https:\/\/fairway2hotel.at\/en\/#website\",\"url\":\"https:\/\/fairway2hotel.at\/en\/\",\"name\":\"Fairway 2 Hotel\",\"description\":\"Golf at half price! 2 play - 1 pays\",\"potentialAction\":[{\"@type\":\"SearchAction\",\"target\":{\"@type\":\"EntryPoint\",\"urlTemplate\":\"https:\/\/fairway2hotel.at\/en\/?s={search_term_string}\"},\"query-input\":{\"@type\":\"PropertyValueSpecification\",\"valueRequired\":true,\"valueName\":\"search_term_string\"}}],\"inLanguage\":\"en-US\"}]}<\/script>\n<!-- \/ Yoast SEO plugin. -->","yoast_head_json":{"title":"GC Asolo Golf Club - Fairway 2 Hotel","robots":{"index":"index","follow":"follow","max-snippet":"max-snippet:-1","max-image-preview":"max-image-preview:large","max-video-preview":"max-video-preview:-1"},"canonical":"https:\/\/fairway2hotel.at\/en\/golfclubs\/italien\/asolo-golf-club\/","og_locale":"en_US","og_type":"article","og_title":"GC Asolo Golf Club - Fairway 2 Hotel","og_description":"Golfen und Prosecco genie\u00dfen in atemberaubendem Panorama Der Asolo Golf Club ist eingebettet in der wundersch\u00f6nen Landschaft der Asolaner H\u00fcgel, umgeben von den Venezianischen Voralpen unter dem majest\u00e4tischen Monte Grappa und von der Prosecco Stra\u00dfe im Valdobbiadene Tal. In einer Atmosph\u00e4re gepr\u00e4gt von Professionalit\u00e4t und Herzlichkeit entdecken die Besucher 27 wundersch\u00f6ne Golfl\u00f6cher sowie ein sagenhaftes [&hellip;]","og_url":"https:\/\/fairway2hotel.at\/en\/golfclubs\/italien\/asolo-golf-club\/","og_site_name":"Fairway 2 Hotel","article_modified_time":"2026-02-18T12:56:40+00:00","twitter_card":"summary_large_image","twitter_misc":{"Est. reading time":"2 minutes"},"schema":{"@context":"https:\/\/schema.org","@graph":[{"@type":"WebPage","@id":"https:\/\/fairway2hotel.at\/en\/golfclubs\/italien\/asolo-golf-club\/","url":"https:\/\/fairway2hotel.at\/en\/golfclubs\/italien\/asolo-golf-club\/","name":"GC Asolo Golf Club - Fairway 2 Hotel","isPartOf":{"@id":"https:\/\/fairway2hotel.at\/en\/#website"},"datePublished":"2012-10-24T04:24:28+00:00","dateModified":"2026-02-18T12:56:40+00:00","breadcrumb":{"@id":"https:\/\/fairway2hotel.at\/en\/golfclubs\/italien\/asolo-golf-club\/#breadcrumb"},"inLanguage":"en-US","potentialAction":[{"@type":"ReadAction","target":["https:\/\/fairway2hotel.at\/en\/golfclubs\/italien\/asolo-golf-club\/"]}]},{"@type":"BreadcrumbList","@id":"https:\/\/fairway2hotel.at\/en\/golfclubs\/italien\/asolo-golf-club\/#breadcrumb","itemListElement":[{"@type":"ListItem","position":1,"name":"Home","item":"https:\/\/fairway2hotel.at\/en\/"},{"@type":"ListItem","position":2,"name":"Golfclubs","item":"https:\/\/fairway2hotel.at\/en\/golfclubs\/"},{"@type":"ListItem","position":3,"name":"Golfclubs Italien","item":"https:\/\/fairway2hotel.at\/en\/golfclubs\/italien\/"},{"@type":"ListItem","position":4,"name":"GC Asolo Golf Club"}]},{"@type":"WebSite","@id":"https:\/\/fairway2hotel.at\/en\/#website","url":"https:\/\/fairway2hotel.at\/en\/","name":"Fairway 2 Hotel","description":"Golf at half price! 2 play - 1 pays","potentialAction":[{"@type":"SearchAction","target":{"@type":"EntryPoint","urlTemplate":"https:\/\/fairway2hotel.at\/en\/?s={search_term_string}"},"query-input":{"@type":"PropertyValueSpecification","valueRequired":true,"valueName":"search_term_string"}}],"inLanguage":"en-US"}]}},"_links":{"self":[{"href":"https:\/\/fairway2hotel.at\/en\/wp-json\/wp\/v2\/pages\/925","targetHints":{"allow":["GET"]}}],"collection":[{"href":"https:\/\/fairway2hotel.at\/en\/wp-json\/wp\/v2\/pages"}],"about":[{"href":"https:\/\/fairway2hotel.at\/en\/wp-json\/wp\/v2\/types\/page"}],"author":[{"embeddable":true,"href":"https:\/\/fairway2hotel.at\/en\/wp-json\/wp\/v2\/users\/1"}],"replies":[{"embeddable":true,"href":"https:\/\/fairway2hotel.at\/en\/wp-json\/wp\/v2\/comments?post=925"}],"version-history":[{"count":13,"href":"https:\/\/fairway2hotel.at\/en\/wp-json\/wp\/v2\/pages\/925\/revisions"}],"predecessor-version":[{"id":52729,"href":"https:\/\/fairway2hotel.at\/en\/wp-json\/wp\/v2\/pages\/925\/revisions\/52729"}],"up":[{"embeddable":true,"href":"https:\/\/fairway2hotel.at\/en\/wp-json\/wp\/v2\/pages\/1657"}],"acf:attachment":[{"embeddable":true,"href":"https:\/\/fairway2hotel.at\/en\/wp-json\/wp\/v2\/media\/47440"},{"embeddable":true,"href":"https:\/\/fairway2hotel.at\/en\/wp-json\/wp\/v2\/media\/47438"},{"embeddable":true,"href":"https:\/\/fairway2hotel.at\/en\/wp-json\/wp\/v2\/media\/47436"},{"embeddable":true,"href":"https:\/\/fairway2hotel.at\/en\/wp-json\/wp\/v2\/media\/923"}],"wp:attachment":[{"href":"https:\/\/fairway2hotel.at\/en\/wp-json\/wp\/v2\/media?parent=925"}],"curies":[{"name":"wp","href":"https:\/\/api.w.org\/{rel}","templated":true}]}}