{"id":928,"date":"2012-10-24T06:24:51","date_gmt":"2012-10-24T04:24:51","guid":{"rendered":"https:\/\/f2h.app\/golfclub-ca-amata\/"},"modified":"2025-03-12T11:28:53","modified_gmt":"2025-03-12T10:28:53","slug":"golfclub-ca-amata","status":"publish","type":"page","link":"https:\/\/fairway2hotel.at\/en\/golfclubs\/italien\/golfclub-ca-amata\/","title":{"rendered":"GC Ca&#8217; Amata"},"content":{"rendered":"<h2>Golfen, umgeben vom Ambiente des 18. Jahrhunderts<\/h2>\n<p>Der Kurs ist innerhalb des Parkes rund um die Villa Ca &#8216;Amata gelegen, einem der sch\u00f6nsten Beispiele der venezianischen Architektur des 18. Jahrhunderts . Besondere Sorgfalt wurde bei der Auswahl der Pflanzen rund um die die Villa gelegt. Aufgrund landschaftsgestaltender Elemente wie niedrige Mauern, kleine Br\u00fccken und Kaskaden, eines See und Kan\u00e4le, welche so typisch sind f\u00fcr die sch\u00f6nsten und romantischsten Parks, wurde eine spektakul\u00e4re Umgebung geschaffen. Das elegante Clubhaus in einem alten Bauernhaus grenzt an die Villa Rizzetti Ca &#8216;Amata, einer atemberaubende venezianische Villa aus dem Jahre 1711. Das Restaurant ist t\u00e4glich ge\u00f6ffnet f\u00fcr Mitglieder und G\u00e4ste, die die herrliche venezianische K\u00fcche genie\u00dfen m\u00f6chten.<\/p>\n<h2>Golf surrounded by the ambience of the 18th century<\/h2>\n<p>The course is located within the park surrounding Villa Ca&#8217; Amata, one of the finest examples of 18th century Venetian architecture. Special care was taken in the selection of plants around the villa. Landscaping elements such as low walls, small bridges and cascades, a lake and canals, so typical of the most beautiful and romantic parks, have created a spectacular setting. The elegant clubhouse in an old farmhouse adjoins Villa Rizzetti Ca&#8217; Amata, a stunning Venetian villa dating back to 1711, and the restaurant is open daily for members and guests to enjoy the delicious Venetian cuisine.<\/p>\n","protected":false},"excerpt":{"rendered":"<p>Golfen, umgeben vom Ambiente des 18. Jahrhunderts Der Kurs ist innerhalb des Parkes rund um die Villa Ca &#8216;Amata gelegen, einem der sch\u00f6nsten Beispiele der venezianischen Architektur des 18. Jahrhunderts . Besondere Sorgfalt wurde bei der Auswahl der Pflanzen rund um die die Villa gelegt. Aufgrund landschaftsgestaltender Elemente wie niedrige Mauern, kleine Br\u00fccken und Kaskaden, [&hellip;]<\/p>\n","protected":false},"author":1,"featured_media":0,"parent":1657,"menu_order":30,"comment_status":"closed","ping_status":"closed","template":"page-partner.php","meta":{"_acf_changed":false,"footnotes":""},"class_list":["post-928","page","type-page","status-publish","hentry"],"acf":{"partner_infobox":"<strong>Adresse:\u00a0<\/strong>Via Loreggia di Salvarosa 44\r\n\r\nI-31033 Castelfranco Veneto\r\n\r\n<strong>Tel:\u00a0<\/strong>+39 0423 493537\r\n\r\n<strong>Web: <\/strong><a href=\"http:\/\/www.golfcaamata.it\" target=\"_blank\" rel=\"nofollow noopener\">www.golfcaamata.it<\/a>\r\n\r\n<strong>E-Mail:<\/strong> <a href=\"mailto:info@golfcaamata.it\">info@golfcaamata.it<\/a>\r\n\r\n<strong>Spielbahnen\/Par: <\/strong>18\/71\r\n\r\n<strong>La\u0308nge: <\/strong>gelb: 5.686 m rot: 5.022 m\r\n\r\n<strong>Bedingungen: <\/strong>Platzreife\r\n\r\n<strong>Anfahrt:\r\n<\/strong>Vom Brenner: Bozen, Ausfahrt Trento Nord, Richtung Padua, Bassano del Grappa, Montebelluna, Castelfranco Veneto","partner_logo":927,"partner_gallery":[3791,926],"partner_lat":45.698757,"partner_long":11.940433,"partner_type":"golfclub","partner_openings":["1","2","3","4","5","6","7"],"montag_von_bis":"00:00 - 24:00","dienstag_von_bis":"00:00 - 24:00","mittwoch_von_bis":"00:00 - 24:00","donnerstag_von_bis":"00:00 - 24:00","freitag_von_bis":"00:00 - 24:00","samstag_von_bis":"00:00 - 24:00","sonntag_von_bis":"00:00 - 24:00","partner_adresse":"Via Loreggia di Salvarosa 44, 31033 Castelfranco Veneto","partner_land_bundesland":"Italien","partner_tel_1":"","partner_tel_2":"0039 0423 493537","partner_web":"http:\/\/www.golfcaamata.it","partner_mail":"info@golfcaamata.it","partner_spielbahnen_par":"18\/71","partner_laenge":"gelb: 5.686 m rot: 5.022 m","partner_bedingungen":"","partner_anfahrt":"Vom Brenner: Bozen, Ausfahrt Trento Nord, Richtung Padua, Bassano del Grappa, Montebelluna, Castelfranco Veneto","partner_misc":null,"additional_css_classes":""},"yoast_head":"<!-- This site is optimized with the Yoast SEO plugin v26.8 - https:\/\/yoast.com\/product\/yoast-seo-wordpress\/ -->\n<title>GC Ca&#039; Amata - Fairway 2 Hotel<\/title>\n<meta name=\"robots\" content=\"index, follow, max-snippet:-1, max-image-preview:large, max-video-preview:-1\" \/>\n<link rel=\"canonical\" href=\"https:\/\/fairway2hotel.at\/en\/golfclubs\/italien\/golfclub-ca-amata\/\" \/>\n<meta property=\"og:locale\" content=\"en_US\" \/>\n<meta property=\"og:type\" content=\"article\" \/>\n<meta property=\"og:title\" content=\"GC Ca&#039; Amata - Fairway 2 Hotel\" \/>\n<meta property=\"og:description\" content=\"Golfen, umgeben vom Ambiente des 18. Jahrhunderts Der Kurs ist innerhalb des Parkes rund um die Villa Ca &#8216;Amata gelegen, einem der sch\u00f6nsten Beispiele der venezianischen Architektur des 18. Jahrhunderts . Besondere Sorgfalt wurde bei der Auswahl der Pflanzen rund um die die Villa gelegt. Aufgrund landschaftsgestaltender Elemente wie niedrige Mauern, kleine Br\u00fccken und Kaskaden, [&hellip;]\" \/>\n<meta property=\"og:url\" content=\"https:\/\/fairway2hotel.at\/en\/golfclubs\/italien\/golfclub-ca-amata\/\" \/>\n<meta property=\"og:site_name\" content=\"Fairway 2 Hotel\" \/>\n<meta property=\"article:modified_time\" content=\"2025-03-12T10:28:53+00:00\" \/>\n<meta name=\"twitter:card\" content=\"summary_large_image\" \/>\n<meta name=\"twitter:label1\" content=\"Est. reading time\" \/>\n\t<meta name=\"twitter:data1\" content=\"2 minutes\" \/>\n<script type=\"application\/ld+json\" class=\"yoast-schema-graph\">{\"@context\":\"https:\/\/schema.org\",\"@graph\":[{\"@type\":\"WebPage\",\"@id\":\"https:\/\/fairway2hotel.at\/en\/golfclubs\/italien\/golfclub-ca-amata\/\",\"url\":\"https:\/\/fairway2hotel.at\/en\/golfclubs\/italien\/golfclub-ca-amata\/\",\"name\":\"GC Ca' Amata - Fairway 2 Hotel\",\"isPartOf\":{\"@id\":\"https:\/\/fairway2hotel.at\/en\/#website\"},\"datePublished\":\"2012-10-24T04:24:51+00:00\",\"dateModified\":\"2025-03-12T10:28:53+00:00\",\"breadcrumb\":{\"@id\":\"https:\/\/fairway2hotel.at\/en\/golfclubs\/italien\/golfclub-ca-amata\/#breadcrumb\"},\"inLanguage\":\"en-US\",\"potentialAction\":[{\"@type\":\"ReadAction\",\"target\":[\"https:\/\/fairway2hotel.at\/en\/golfclubs\/italien\/golfclub-ca-amata\/\"]}]},{\"@type\":\"BreadcrumbList\",\"@id\":\"https:\/\/fairway2hotel.at\/en\/golfclubs\/italien\/golfclub-ca-amata\/#breadcrumb\",\"itemListElement\":[{\"@type\":\"ListItem\",\"position\":1,\"name\":\"Home\",\"item\":\"https:\/\/fairway2hotel.at\/en\/\"},{\"@type\":\"ListItem\",\"position\":2,\"name\":\"Golfclubs\",\"item\":\"https:\/\/fairway2hotel.at\/en\/golfclubs\/\"},{\"@type\":\"ListItem\",\"position\":3,\"name\":\"Golfclubs Italien\",\"item\":\"https:\/\/fairway2hotel.at\/en\/golfclubs\/italien\/\"},{\"@type\":\"ListItem\",\"position\":4,\"name\":\"GC Ca&#8217; Amata\"}]},{\"@type\":\"WebSite\",\"@id\":\"https:\/\/fairway2hotel.at\/en\/#website\",\"url\":\"https:\/\/fairway2hotel.at\/en\/\",\"name\":\"Fairway 2 Hotel\",\"description\":\"Golf at half price! 2 play - 1 pays\",\"potentialAction\":[{\"@type\":\"SearchAction\",\"target\":{\"@type\":\"EntryPoint\",\"urlTemplate\":\"https:\/\/fairway2hotel.at\/en\/?s={search_term_string}\"},\"query-input\":{\"@type\":\"PropertyValueSpecification\",\"valueRequired\":true,\"valueName\":\"search_term_string\"}}],\"inLanguage\":\"en-US\"}]}<\/script>\n<!-- \/ Yoast SEO plugin. -->","yoast_head_json":{"title":"GC Ca' Amata - Fairway 2 Hotel","robots":{"index":"index","follow":"follow","max-snippet":"max-snippet:-1","max-image-preview":"max-image-preview:large","max-video-preview":"max-video-preview:-1"},"canonical":"https:\/\/fairway2hotel.at\/en\/golfclubs\/italien\/golfclub-ca-amata\/","og_locale":"en_US","og_type":"article","og_title":"GC Ca' Amata - Fairway 2 Hotel","og_description":"Golfen, umgeben vom Ambiente des 18. Jahrhunderts Der Kurs ist innerhalb des Parkes rund um die Villa Ca &#8216;Amata gelegen, einem der sch\u00f6nsten Beispiele der venezianischen Architektur des 18. Jahrhunderts . Besondere Sorgfalt wurde bei der Auswahl der Pflanzen rund um die die Villa gelegt. Aufgrund landschaftsgestaltender Elemente wie niedrige Mauern, kleine Br\u00fccken und Kaskaden, [&hellip;]","og_url":"https:\/\/fairway2hotel.at\/en\/golfclubs\/italien\/golfclub-ca-amata\/","og_site_name":"Fairway 2 Hotel","article_modified_time":"2025-03-12T10:28:53+00:00","twitter_card":"summary_large_image","twitter_misc":{"Est. reading time":"2 minutes"},"schema":{"@context":"https:\/\/schema.org","@graph":[{"@type":"WebPage","@id":"https:\/\/fairway2hotel.at\/en\/golfclubs\/italien\/golfclub-ca-amata\/","url":"https:\/\/fairway2hotel.at\/en\/golfclubs\/italien\/golfclub-ca-amata\/","name":"GC Ca' Amata - Fairway 2 Hotel","isPartOf":{"@id":"https:\/\/fairway2hotel.at\/en\/#website"},"datePublished":"2012-10-24T04:24:51+00:00","dateModified":"2025-03-12T10:28:53+00:00","breadcrumb":{"@id":"https:\/\/fairway2hotel.at\/en\/golfclubs\/italien\/golfclub-ca-amata\/#breadcrumb"},"inLanguage":"en-US","potentialAction":[{"@type":"ReadAction","target":["https:\/\/fairway2hotel.at\/en\/golfclubs\/italien\/golfclub-ca-amata\/"]}]},{"@type":"BreadcrumbList","@id":"https:\/\/fairway2hotel.at\/en\/golfclubs\/italien\/golfclub-ca-amata\/#breadcrumb","itemListElement":[{"@type":"ListItem","position":1,"name":"Home","item":"https:\/\/fairway2hotel.at\/en\/"},{"@type":"ListItem","position":2,"name":"Golfclubs","item":"https:\/\/fairway2hotel.at\/en\/golfclubs\/"},{"@type":"ListItem","position":3,"name":"Golfclubs Italien","item":"https:\/\/fairway2hotel.at\/en\/golfclubs\/italien\/"},{"@type":"ListItem","position":4,"name":"GC Ca&#8217; Amata"}]},{"@type":"WebSite","@id":"https:\/\/fairway2hotel.at\/en\/#website","url":"https:\/\/fairway2hotel.at\/en\/","name":"Fairway 2 Hotel","description":"Golf at half price! 2 play - 1 pays","potentialAction":[{"@type":"SearchAction","target":{"@type":"EntryPoint","urlTemplate":"https:\/\/fairway2hotel.at\/en\/?s={search_term_string}"},"query-input":{"@type":"PropertyValueSpecification","valueRequired":true,"valueName":"search_term_string"}}],"inLanguage":"en-US"}]}},"_links":{"self":[{"href":"https:\/\/fairway2hotel.at\/en\/wp-json\/wp\/v2\/pages\/928","targetHints":{"allow":["GET"]}}],"collection":[{"href":"https:\/\/fairway2hotel.at\/en\/wp-json\/wp\/v2\/pages"}],"about":[{"href":"https:\/\/fairway2hotel.at\/en\/wp-json\/wp\/v2\/types\/page"}],"author":[{"embeddable":true,"href":"https:\/\/fairway2hotel.at\/en\/wp-json\/wp\/v2\/users\/1"}],"replies":[{"embeddable":true,"href":"https:\/\/fairway2hotel.at\/en\/wp-json\/wp\/v2\/comments?post=928"}],"version-history":[{"count":12,"href":"https:\/\/fairway2hotel.at\/en\/wp-json\/wp\/v2\/pages\/928\/revisions"}],"predecessor-version":[{"id":46436,"href":"https:\/\/fairway2hotel.at\/en\/wp-json\/wp\/v2\/pages\/928\/revisions\/46436"}],"up":[{"embeddable":true,"href":"https:\/\/fairway2hotel.at\/en\/wp-json\/wp\/v2\/pages\/1657"}],"acf:attachment":[{"embeddable":true,"href":"https:\/\/fairway2hotel.at\/en\/wp-json\/wp\/v2\/media\/926"},{"embeddable":true,"href":"https:\/\/fairway2hotel.at\/en\/wp-json\/wp\/v2\/media\/3791"}],"wp:attachment":[{"href":"https:\/\/fairway2hotel.at\/en\/wp-json\/wp\/v2\/media?parent=928"}],"curies":[{"name":"wp","href":"https:\/\/api.w.org\/{rel}","templated":true}]}}