{"id":94,"date":"2009-07-06T00:21:31","date_gmt":"2009-07-05T22:21:31","guid":{"rendered":"https:\/\/f2h.app\/golfclub-marco-polo\/"},"modified":"2025-05-22T10:07:26","modified_gmt":"2025-05-22T08:07:26","slug":"golfclub-marco-polo","status":"publish","type":"page","link":"https:\/\/fairway2hotel.at\/en\/golfclubs\/wien\/golfclub-marco-polo\/","title":{"rendered":"GC Marco Polo Vienna"},"content":{"rendered":"<h2>Golf in Wien<\/h2>\n<p>Der sehr gepflegte 9-Loch-Platz wurde gro\u00dfz\u00fcgig ausgebaut. Eine neue, gro\u00dfe Driving Range sowie eine \u00dcbungsanlage runden das Golfvergn\u00fcgen ab. Ein modern ausgestattetes Fitnessstudio sowie Sauna und Infrarotkabine stehen unseren Besuchern zur Verf\u00fcgung.<\/p>\n<p>Im Winter ist unser Golfsimulator ein Highlight. Unsere Golfschule mit Head-Pro Markus Salzger bringt Sie jederzeit in Schwung. Im Golfrestaurant mit sch\u00f6ner Terrasse, welches durchgehend warme K\u00fcche bietet, k\u00f6nnen Sie sich nach der Runde erholen.<\/p>\n<h2><strong>Golf in Vienna<\/strong><\/h2>\n<p>The very well-kept 9-hole course has been generously extended. A new, large driving range and a practice facility round off the golfing experience. A modern fitness studio, sauna and infrared cabin are available to our visitors.<\/p>\n<p>Our golf simulator is a highlight in winter. Our golf school with head pro Markus Salzger will get you going at any time. In the golf restaurant with its beautiful terrace, which offers hot meals throughout the day, you can relax after your round.<\/p>\n","protected":false},"excerpt":{"rendered":"<p>Golf in Wien Der sehr gepflegte 9-Loch-Platz wurde gro\u00dfz\u00fcgig ausgebaut. Eine neue, gro\u00dfe Driving Range sowie eine \u00dcbungsanlage runden das Golfvergn\u00fcgen ab. Ein modern ausgestattetes Fitnessstudio sowie Sauna und Infrarotkabine stehen unseren Besuchern zur Verf\u00fcgung. Im Winter ist unser Golfsimulator ein Highlight. Unsere Golfschule mit Head-Pro Markus Salzger bringt Sie jederzeit in Schwung. Im Golfrestaurant [&hellip;]<\/p>\n","protected":false},"author":1,"featured_media":0,"parent":70,"menu_order":10,"comment_status":"closed","ping_status":"closed","template":"page-partner.php","meta":{"_acf_changed":false,"footnotes":""},"class_list":["post-94","page","type-page","status-publish","hentry"],"acf":{"partner_infobox":"<strong>Adresse:<\/strong>Ruthnergasse 170, 1210 Wien\r\n\r\n<strong>Tel:<\/strong>01\/292 35 89\r\n\r\n<strong>Web: <\/strong><a href=\"https:\/\/www.marco-polo.co.at\">https:\/\/www.marco-polo.co.at<\/a>\r\n\r\n<strong>E-Mail:<\/strong> <a href=\"mailto:info@mp1210.at\">info@mp1210.at<\/a>\r\n\r\n<strong>Spielbahnen\/Par: <\/strong>18\/62\r\n\r\n<strong>La\u0308nge: <\/strong>3.236 m\r\n\r\n<em><strong>Bedingungen:\r\n<\/strong>Gu\u0308ltig nur Mo\u2013So fu\u0308r alle Tee Times zwischen 11 bis 15 Uhr. Nicht gu\u0308ltig fu\u0308r Turniere.<\/em>\r\n\r\n<strong>Anfahrt: <\/strong>Bru\u0308nnerstr. \u2192 Siemensstra\u00dfe \u2192 Ruthnergasse 170a","partner_logo":93,"partner_gallery":[92,46673,46675],"partner_lat":48.282226,"partner_long":16.427119,"partner_type":"golfclub","partner_openings":["1","2","3","4","5","6","7"],"montag_von_bis":"00:00 - 24:00","dienstag_von_bis":"00:00 - 24:00","mittwoch_von_bis":"00:00 - 24:00","donnerstag_von_bis":"00:00 - 24:00","freitag_von_bis":"00:00 - 24:00","samstag_von_bis":"00:00 - 24:00","sonntag_von_bis":"00:00 - 24:00","partner_adresse":"Ruthnergasse 170, 1210 Wien","partner_land_bundesland":"Wien","partner_tel_1":"","partner_tel_2":"0043 1 292 35 89","partner_web":"https:\/\/www.marco-polo.co.at","partner_mail":"info@mp1210.at","partner_spielbahnen_par":"18\/62","partner_laenge":"3.236 m","partner_bedingungen":"","partner_anfahrt":"Bru\u0308nnerstr. \u2192 Siemensstra\u00dfe \u2192 Ruthnergasse 170a","partner_misc":null,"additional_css_classes":""},"yoast_head":"<!-- This site is optimized with the Yoast SEO plugin v26.8 - https:\/\/yoast.com\/product\/yoast-seo-wordpress\/ -->\n<title>GC Marco Polo Vienna - Fairway 2 Hotel<\/title>\n<meta name=\"robots\" content=\"index, follow, max-snippet:-1, max-image-preview:large, max-video-preview:-1\" \/>\n<link rel=\"canonical\" href=\"https:\/\/fairway2hotel.at\/en\/golfclubs\/wien\/golfclub-marco-polo\/\" \/>\n<meta property=\"og:locale\" content=\"en_US\" \/>\n<meta property=\"og:type\" content=\"article\" \/>\n<meta property=\"og:title\" content=\"GC Marco Polo Vienna - Fairway 2 Hotel\" \/>\n<meta property=\"og:description\" content=\"Golf in Wien Der sehr gepflegte 9-Loch-Platz wurde gro\u00dfz\u00fcgig ausgebaut. Eine neue, gro\u00dfe Driving Range sowie eine \u00dcbungsanlage runden das Golfvergn\u00fcgen ab. Ein modern ausgestattetes Fitnessstudio sowie Sauna und Infrarotkabine stehen unseren Besuchern zur Verf\u00fcgung. Im Winter ist unser Golfsimulator ein Highlight. Unsere Golfschule mit Head-Pro Markus Salzger bringt Sie jederzeit in Schwung. Im Golfrestaurant [&hellip;]\" \/>\n<meta property=\"og:url\" content=\"https:\/\/fairway2hotel.at\/en\/golfclubs\/wien\/golfclub-marco-polo\/\" \/>\n<meta property=\"og:site_name\" content=\"Fairway 2 Hotel\" \/>\n<meta property=\"article:modified_time\" content=\"2025-05-22T08:07:26+00:00\" \/>\n<meta name=\"twitter:card\" content=\"summary_large_image\" \/>\n<meta name=\"twitter:label1\" content=\"Est. reading time\" \/>\n\t<meta name=\"twitter:data1\" content=\"1 minute\" \/>\n<script type=\"application\/ld+json\" class=\"yoast-schema-graph\">{\"@context\":\"https:\/\/schema.org\",\"@graph\":[{\"@type\":\"WebPage\",\"@id\":\"https:\/\/fairway2hotel.at\/en\/golfclubs\/wien\/golfclub-marco-polo\/\",\"url\":\"https:\/\/fairway2hotel.at\/en\/golfclubs\/wien\/golfclub-marco-polo\/\",\"name\":\"GC Marco Polo Vienna - Fairway 2 Hotel\",\"isPartOf\":{\"@id\":\"https:\/\/fairway2hotel.at\/en\/#website\"},\"datePublished\":\"2009-07-05T22:21:31+00:00\",\"dateModified\":\"2025-05-22T08:07:26+00:00\",\"breadcrumb\":{\"@id\":\"https:\/\/fairway2hotel.at\/en\/golfclubs\/wien\/golfclub-marco-polo\/#breadcrumb\"},\"inLanguage\":\"en-US\",\"potentialAction\":[{\"@type\":\"ReadAction\",\"target\":[\"https:\/\/fairway2hotel.at\/en\/golfclubs\/wien\/golfclub-marco-polo\/\"]}]},{\"@type\":\"BreadcrumbList\",\"@id\":\"https:\/\/fairway2hotel.at\/en\/golfclubs\/wien\/golfclub-marco-polo\/#breadcrumb\",\"itemListElement\":[{\"@type\":\"ListItem\",\"position\":1,\"name\":\"Home\",\"item\":\"https:\/\/fairway2hotel.at\/en\/\"},{\"@type\":\"ListItem\",\"position\":2,\"name\":\"Golfclubs\",\"item\":\"https:\/\/fairway2hotel.at\/en\/golfclubs\/\"},{\"@type\":\"ListItem\",\"position\":3,\"name\":\"Golfclubs Wien\",\"item\":\"https:\/\/fairway2hotel.at\/en\/golfclubs\/wien\/\"},{\"@type\":\"ListItem\",\"position\":4,\"name\":\"GC Marco Polo Vienna\"}]},{\"@type\":\"WebSite\",\"@id\":\"https:\/\/fairway2hotel.at\/en\/#website\",\"url\":\"https:\/\/fairway2hotel.at\/en\/\",\"name\":\"Fairway 2 Hotel\",\"description\":\"Golf at half price! 2 play - 1 pays\",\"potentialAction\":[{\"@type\":\"SearchAction\",\"target\":{\"@type\":\"EntryPoint\",\"urlTemplate\":\"https:\/\/fairway2hotel.at\/en\/?s={search_term_string}\"},\"query-input\":{\"@type\":\"PropertyValueSpecification\",\"valueRequired\":true,\"valueName\":\"search_term_string\"}}],\"inLanguage\":\"en-US\"}]}<\/script>\n<!-- \/ Yoast SEO plugin. -->","yoast_head_json":{"title":"GC Marco Polo Vienna - Fairway 2 Hotel","robots":{"index":"index","follow":"follow","max-snippet":"max-snippet:-1","max-image-preview":"max-image-preview:large","max-video-preview":"max-video-preview:-1"},"canonical":"https:\/\/fairway2hotel.at\/en\/golfclubs\/wien\/golfclub-marco-polo\/","og_locale":"en_US","og_type":"article","og_title":"GC Marco Polo Vienna - Fairway 2 Hotel","og_description":"Golf in Wien Der sehr gepflegte 9-Loch-Platz wurde gro\u00dfz\u00fcgig ausgebaut. Eine neue, gro\u00dfe Driving Range sowie eine \u00dcbungsanlage runden das Golfvergn\u00fcgen ab. Ein modern ausgestattetes Fitnessstudio sowie Sauna und Infrarotkabine stehen unseren Besuchern zur Verf\u00fcgung. Im Winter ist unser Golfsimulator ein Highlight. Unsere Golfschule mit Head-Pro Markus Salzger bringt Sie jederzeit in Schwung. Im Golfrestaurant [&hellip;]","og_url":"https:\/\/fairway2hotel.at\/en\/golfclubs\/wien\/golfclub-marco-polo\/","og_site_name":"Fairway 2 Hotel","article_modified_time":"2025-05-22T08:07:26+00:00","twitter_card":"summary_large_image","twitter_misc":{"Est. reading time":"1 minute"},"schema":{"@context":"https:\/\/schema.org","@graph":[{"@type":"WebPage","@id":"https:\/\/fairway2hotel.at\/en\/golfclubs\/wien\/golfclub-marco-polo\/","url":"https:\/\/fairway2hotel.at\/en\/golfclubs\/wien\/golfclub-marco-polo\/","name":"GC Marco Polo Vienna - Fairway 2 Hotel","isPartOf":{"@id":"https:\/\/fairway2hotel.at\/en\/#website"},"datePublished":"2009-07-05T22:21:31+00:00","dateModified":"2025-05-22T08:07:26+00:00","breadcrumb":{"@id":"https:\/\/fairway2hotel.at\/en\/golfclubs\/wien\/golfclub-marco-polo\/#breadcrumb"},"inLanguage":"en-US","potentialAction":[{"@type":"ReadAction","target":["https:\/\/fairway2hotel.at\/en\/golfclubs\/wien\/golfclub-marco-polo\/"]}]},{"@type":"BreadcrumbList","@id":"https:\/\/fairway2hotel.at\/en\/golfclubs\/wien\/golfclub-marco-polo\/#breadcrumb","itemListElement":[{"@type":"ListItem","position":1,"name":"Home","item":"https:\/\/fairway2hotel.at\/en\/"},{"@type":"ListItem","position":2,"name":"Golfclubs","item":"https:\/\/fairway2hotel.at\/en\/golfclubs\/"},{"@type":"ListItem","position":3,"name":"Golfclubs Wien","item":"https:\/\/fairway2hotel.at\/en\/golfclubs\/wien\/"},{"@type":"ListItem","position":4,"name":"GC Marco Polo Vienna"}]},{"@type":"WebSite","@id":"https:\/\/fairway2hotel.at\/en\/#website","url":"https:\/\/fairway2hotel.at\/en\/","name":"Fairway 2 Hotel","description":"Golf at half price! 2 play - 1 pays","potentialAction":[{"@type":"SearchAction","target":{"@type":"EntryPoint","urlTemplate":"https:\/\/fairway2hotel.at\/en\/?s={search_term_string}"},"query-input":{"@type":"PropertyValueSpecification","valueRequired":true,"valueName":"search_term_string"}}],"inLanguage":"en-US"}]}},"_links":{"self":[{"href":"https:\/\/fairway2hotel.at\/en\/wp-json\/wp\/v2\/pages\/94","targetHints":{"allow":["GET"]}}],"collection":[{"href":"https:\/\/fairway2hotel.at\/en\/wp-json\/wp\/v2\/pages"}],"about":[{"href":"https:\/\/fairway2hotel.at\/en\/wp-json\/wp\/v2\/types\/page"}],"author":[{"embeddable":true,"href":"https:\/\/fairway2hotel.at\/en\/wp-json\/wp\/v2\/users\/1"}],"replies":[{"embeddable":true,"href":"https:\/\/fairway2hotel.at\/en\/wp-json\/wp\/v2\/comments?post=94"}],"version-history":[{"count":17,"href":"https:\/\/fairway2hotel.at\/en\/wp-json\/wp\/v2\/pages\/94\/revisions"}],"predecessor-version":[{"id":48482,"href":"https:\/\/fairway2hotel.at\/en\/wp-json\/wp\/v2\/pages\/94\/revisions\/48482"}],"up":[{"embeddable":true,"href":"https:\/\/fairway2hotel.at\/en\/wp-json\/wp\/v2\/pages\/70"}],"acf:attachment":[{"embeddable":true,"href":"https:\/\/fairway2hotel.at\/en\/wp-json\/wp\/v2\/media\/46675"},{"embeddable":true,"href":"https:\/\/fairway2hotel.at\/en\/wp-json\/wp\/v2\/media\/46673"},{"embeddable":true,"href":"https:\/\/fairway2hotel.at\/en\/wp-json\/wp\/v2\/media\/92"}],"wp:attachment":[{"href":"https:\/\/fairway2hotel.at\/en\/wp-json\/wp\/v2\/media?parent=94"}],"curies":[{"name":"wp","href":"https:\/\/api.w.org\/{rel}","templated":true}]}}