{"id":995,"date":"2012-10-24T06:58:04","date_gmt":"2012-10-24T04:58:04","guid":{"rendered":"https:\/\/f2h.app\/golf-club-certovo-bremeno\/"},"modified":"2025-04-07T14:07:45","modified_gmt":"2025-04-07T12:07:45","slug":"golf-club-certovo-bremeno","status":"publish","type":"page","link":"https:\/\/fairway2hotel.at\/en\/golfclubs\/tschechien\/golf-club-certovo-bremeno\/","title":{"rendered":"GC Certovo Bremeno"},"content":{"rendered":"<h2>Certovo bremeno &#8211; Teufels B\u00fcrde<\/h2>\n<p>Benannt nach einer popul\u00e4ren lokalen Legende einer nahegelegenen Felsformation liegt in der Mitte des Naturparks Jistebnick\u00e1 Hochland auf einer durchschnittlichen H\u00f6he von 640 m . Viele dieser Formationen sind auch auf unserem Platz, und in direkter Nachbarschaft zu finden. Zwei B\u00e4che kreuzen immer wieder das Gel\u00e4nde, eine Reihe von Wasserhindernissen machen das Speil zu einer Herausforderung f\u00fcr Golfer aller Klassen. Neben Trainingsm\u00f6glichkeiten, Putting-und Chipping-Gr\u00fcn finden Sie hier unser 2011 errichtete Clubhaus. Welches von der tschechischen Architektur Union zu dem besten in der ganzen tschechischen Republik gew\u00e4hlt wurde.<\/p>\n<h2>Certovo bremeno &#8211; Devil&#8217;s Burden<\/h2>\n<p>Named after a popular local legend of a nearby rock formation lies in the middle of the Jistebnick\u00e1 Highlands Nature Park at an average altitude of 640 meters. Many of these formations can also be found on our site, and in the immediate vicinity. Two streams repeatedly cross the terrain and a number of water hazards make the course a challenge for golfers of all levels. In addition to training facilities, putting and chipping greens, you will also find our clubhouse, which was built in 2011. Which was voted the best in the Czech Republic by the Czech Architecture Union.<\/p>\n","protected":false},"excerpt":{"rendered":"<p>Certovo bremeno &#8211; Teufels B\u00fcrde Benannt nach einer popul\u00e4ren lokalen Legende einer nahegelegenen Felsformation liegt in der Mitte des Naturparks Jistebnick\u00e1 Hochland auf einer durchschnittlichen H\u00f6he von 640 m . Viele dieser Formationen sind auch auf unserem Platz, und in direkter Nachbarschaft zu finden. Zwei B\u00e4che kreuzen immer wieder das Gel\u00e4nde, eine Reihe von Wasserhindernissen [&hellip;]<\/p>\n","protected":false},"author":1,"featured_media":0,"parent":1707,"menu_order":5,"comment_status":"closed","ping_status":"closed","template":"page-partner.php","meta":{"_acf_changed":false,"footnotes":""},"class_list":["post-995","page","type-page","status-publish","hentry"],"acf":{"partner_infobox":"<strong>Adresse:\u00a0<\/strong>Alenina Lhota 7, 391 33 Jistebnice\r\n\r\n<strong>Tel:\r\n<\/strong>420\u00a0775 913\u00a0338\r\n\r\n<strong>Web: <\/strong><a href=\"http:\/\/www.cebr.cz\" target=\"_blank\" rel=\"nofollow noopener noreferrer\">www.cebr.cz<\/a>\r\n\r\n<strong>E-Mail:<\/strong> <a href=\"mailto:cebr@cebr.cz\">info@cebr.cz<\/a>\r\n\r\n<strong>Spielbahnen\/Par: <\/strong>18\/70\r\n\r\n<strong>La\u0308nge: <\/strong>wei\u00df: 5.304 m \/gelb: 5.001 m \/rot: 4.702 m\r\n\r\n<em><strong>Bedingungen:\r\n<\/strong>Gutscheine von MO-DO, ausgenommen Feiertage, einl\u00f6sbar.<\/em>\r\n\r\n<strong>Anfahrt:\r\n<\/strong>80 km s\u00fcdlich von Prag, 70 km n\u00f6rdlich von \u010cesk\u00e9 Bud\u011bjovice","partner_logo":2824,"partner_gallery":[2823,47728,47730],"partner_lat":49.527703,"partner_long":14.519291,"partner_type":"golfclub","partner_openings":["1","2","3","4"],"montag_von_bis":"00:00 - 24:00","dienstag_von_bis":"00:00 - 24:00","mittwoch_von_bis":"00:00 - 24:00","donnerstag_von_bis":"00:00 - 24:00","freitag_von_bis":"00:00 - 24:00","samstag_von_bis":"00:00 - 24:00","sonntag_von_bis":"00:00 - 24:00","partner_adresse":"Alenina Lhota 7, 391 33 Jistebnice","partner_land_bundesland":"Tschechische Republik","partner_tel_1":"","partner_tel_2":"00420 775 913338","partner_web":"http:\/\/www.cebr.cz","partner_mail":"info@cebr.cz","partner_spielbahnen_par":"18\/70","partner_laenge":"wei\u00df: 5.304 m \/gelb: 5.001 m \/rot: 4.702 m","partner_bedingungen":"Gutscheine von DI - DO, ausgenommen Feiertage, einl\u00f6sbar.\r\nvouchers redeemable from Tue-Thu, except public holidays","partner_anfahrt":"80 km s\u00fcdlich von Prag, 70 km n\u00f6rdlich von \u010cesk\u00e9 Bud\u011bjovice","partner_misc":null,"additional_css_classes":""},"yoast_head":"<!-- This site is optimized with the Yoast SEO plugin v26.8 - https:\/\/yoast.com\/product\/yoast-seo-wordpress\/ -->\n<title>GC Certovo Bremeno - Fairway 2 Hotel<\/title>\n<meta name=\"robots\" content=\"index, follow, max-snippet:-1, max-image-preview:large, max-video-preview:-1\" \/>\n<link rel=\"canonical\" href=\"https:\/\/fairway2hotel.at\/en\/golfclubs\/tschechien\/golf-club-certovo-bremeno\/\" \/>\n<meta property=\"og:locale\" content=\"en_US\" \/>\n<meta property=\"og:type\" content=\"article\" \/>\n<meta property=\"og:title\" content=\"GC Certovo Bremeno - Fairway 2 Hotel\" \/>\n<meta property=\"og:description\" content=\"Certovo bremeno &#8211; Teufels B\u00fcrde Benannt nach einer popul\u00e4ren lokalen Legende einer nahegelegenen Felsformation liegt in der Mitte des Naturparks Jistebnick\u00e1 Hochland auf einer durchschnittlichen H\u00f6he von 640 m . Viele dieser Formationen sind auch auf unserem Platz, und in direkter Nachbarschaft zu finden. Zwei B\u00e4che kreuzen immer wieder das Gel\u00e4nde, eine Reihe von Wasserhindernissen [&hellip;]\" \/>\n<meta property=\"og:url\" content=\"https:\/\/fairway2hotel.at\/en\/golfclubs\/tschechien\/golf-club-certovo-bremeno\/\" \/>\n<meta property=\"og:site_name\" content=\"Fairway 2 Hotel\" \/>\n<meta property=\"article:modified_time\" content=\"2025-04-07T12:07:45+00:00\" \/>\n<meta name=\"twitter:card\" content=\"summary_large_image\" \/>\n<meta name=\"twitter:label1\" content=\"Est. reading time\" \/>\n\t<meta name=\"twitter:data1\" content=\"2 minutes\" \/>\n<script type=\"application\/ld+json\" class=\"yoast-schema-graph\">{\"@context\":\"https:\/\/schema.org\",\"@graph\":[{\"@type\":\"WebPage\",\"@id\":\"https:\/\/fairway2hotel.at\/en\/golfclubs\/tschechien\/golf-club-certovo-bremeno\/\",\"url\":\"https:\/\/fairway2hotel.at\/en\/golfclubs\/tschechien\/golf-club-certovo-bremeno\/\",\"name\":\"GC Certovo Bremeno - Fairway 2 Hotel\",\"isPartOf\":{\"@id\":\"https:\/\/fairway2hotel.at\/en\/#website\"},\"datePublished\":\"2012-10-24T04:58:04+00:00\",\"dateModified\":\"2025-04-07T12:07:45+00:00\",\"breadcrumb\":{\"@id\":\"https:\/\/fairway2hotel.at\/en\/golfclubs\/tschechien\/golf-club-certovo-bremeno\/#breadcrumb\"},\"inLanguage\":\"en-US\",\"potentialAction\":[{\"@type\":\"ReadAction\",\"target\":[\"https:\/\/fairway2hotel.at\/en\/golfclubs\/tschechien\/golf-club-certovo-bremeno\/\"]}]},{\"@type\":\"BreadcrumbList\",\"@id\":\"https:\/\/fairway2hotel.at\/en\/golfclubs\/tschechien\/golf-club-certovo-bremeno\/#breadcrumb\",\"itemListElement\":[{\"@type\":\"ListItem\",\"position\":1,\"name\":\"Home\",\"item\":\"https:\/\/fairway2hotel.at\/en\/\"},{\"@type\":\"ListItem\",\"position\":2,\"name\":\"Golfclubs\",\"item\":\"https:\/\/fairway2hotel.at\/en\/golfclubs\/\"},{\"@type\":\"ListItem\",\"position\":3,\"name\":\"Golfclubs Tschechien\",\"item\":\"https:\/\/fairway2hotel.at\/en\/golfclubs\/tschechien\/\"},{\"@type\":\"ListItem\",\"position\":4,\"name\":\"GC Certovo Bremeno\"}]},{\"@type\":\"WebSite\",\"@id\":\"https:\/\/fairway2hotel.at\/en\/#website\",\"url\":\"https:\/\/fairway2hotel.at\/en\/\",\"name\":\"Fairway 2 Hotel\",\"description\":\"Golf at half price! 2 play - 1 pays\",\"potentialAction\":[{\"@type\":\"SearchAction\",\"target\":{\"@type\":\"EntryPoint\",\"urlTemplate\":\"https:\/\/fairway2hotel.at\/en\/?s={search_term_string}\"},\"query-input\":{\"@type\":\"PropertyValueSpecification\",\"valueRequired\":true,\"valueName\":\"search_term_string\"}}],\"inLanguage\":\"en-US\"}]}<\/script>\n<!-- \/ Yoast SEO plugin. -->","yoast_head_json":{"title":"GC Certovo Bremeno - Fairway 2 Hotel","robots":{"index":"index","follow":"follow","max-snippet":"max-snippet:-1","max-image-preview":"max-image-preview:large","max-video-preview":"max-video-preview:-1"},"canonical":"https:\/\/fairway2hotel.at\/en\/golfclubs\/tschechien\/golf-club-certovo-bremeno\/","og_locale":"en_US","og_type":"article","og_title":"GC Certovo Bremeno - Fairway 2 Hotel","og_description":"Certovo bremeno &#8211; Teufels B\u00fcrde Benannt nach einer popul\u00e4ren lokalen Legende einer nahegelegenen Felsformation liegt in der Mitte des Naturparks Jistebnick\u00e1 Hochland auf einer durchschnittlichen H\u00f6he von 640 m . Viele dieser Formationen sind auch auf unserem Platz, und in direkter Nachbarschaft zu finden. Zwei B\u00e4che kreuzen immer wieder das Gel\u00e4nde, eine Reihe von Wasserhindernissen [&hellip;]","og_url":"https:\/\/fairway2hotel.at\/en\/golfclubs\/tschechien\/golf-club-certovo-bremeno\/","og_site_name":"Fairway 2 Hotel","article_modified_time":"2025-04-07T12:07:45+00:00","twitter_card":"summary_large_image","twitter_misc":{"Est. reading time":"2 minutes"},"schema":{"@context":"https:\/\/schema.org","@graph":[{"@type":"WebPage","@id":"https:\/\/fairway2hotel.at\/en\/golfclubs\/tschechien\/golf-club-certovo-bremeno\/","url":"https:\/\/fairway2hotel.at\/en\/golfclubs\/tschechien\/golf-club-certovo-bremeno\/","name":"GC Certovo Bremeno - Fairway 2 Hotel","isPartOf":{"@id":"https:\/\/fairway2hotel.at\/en\/#website"},"datePublished":"2012-10-24T04:58:04+00:00","dateModified":"2025-04-07T12:07:45+00:00","breadcrumb":{"@id":"https:\/\/fairway2hotel.at\/en\/golfclubs\/tschechien\/golf-club-certovo-bremeno\/#breadcrumb"},"inLanguage":"en-US","potentialAction":[{"@type":"ReadAction","target":["https:\/\/fairway2hotel.at\/en\/golfclubs\/tschechien\/golf-club-certovo-bremeno\/"]}]},{"@type":"BreadcrumbList","@id":"https:\/\/fairway2hotel.at\/en\/golfclubs\/tschechien\/golf-club-certovo-bremeno\/#breadcrumb","itemListElement":[{"@type":"ListItem","position":1,"name":"Home","item":"https:\/\/fairway2hotel.at\/en\/"},{"@type":"ListItem","position":2,"name":"Golfclubs","item":"https:\/\/fairway2hotel.at\/en\/golfclubs\/"},{"@type":"ListItem","position":3,"name":"Golfclubs Tschechien","item":"https:\/\/fairway2hotel.at\/en\/golfclubs\/tschechien\/"},{"@type":"ListItem","position":4,"name":"GC Certovo Bremeno"}]},{"@type":"WebSite","@id":"https:\/\/fairway2hotel.at\/en\/#website","url":"https:\/\/fairway2hotel.at\/en\/","name":"Fairway 2 Hotel","description":"Golf at half price! 2 play - 1 pays","potentialAction":[{"@type":"SearchAction","target":{"@type":"EntryPoint","urlTemplate":"https:\/\/fairway2hotel.at\/en\/?s={search_term_string}"},"query-input":{"@type":"PropertyValueSpecification","valueRequired":true,"valueName":"search_term_string"}}],"inLanguage":"en-US"}]}},"_links":{"self":[{"href":"https:\/\/fairway2hotel.at\/en\/wp-json\/wp\/v2\/pages\/995","targetHints":{"allow":["GET"]}}],"collection":[{"href":"https:\/\/fairway2hotel.at\/en\/wp-json\/wp\/v2\/pages"}],"about":[{"href":"https:\/\/fairway2hotel.at\/en\/wp-json\/wp\/v2\/types\/page"}],"author":[{"embeddable":true,"href":"https:\/\/fairway2hotel.at\/en\/wp-json\/wp\/v2\/users\/1"}],"replies":[{"embeddable":true,"href":"https:\/\/fairway2hotel.at\/en\/wp-json\/wp\/v2\/comments?post=995"}],"version-history":[{"count":19,"href":"https:\/\/fairway2hotel.at\/en\/wp-json\/wp\/v2\/pages\/995\/revisions"}],"predecessor-version":[{"id":47732,"href":"https:\/\/fairway2hotel.at\/en\/wp-json\/wp\/v2\/pages\/995\/revisions\/47732"}],"up":[{"embeddable":true,"href":"https:\/\/fairway2hotel.at\/en\/wp-json\/wp\/v2\/pages\/1707"}],"acf:attachment":[{"embeddable":true,"href":"https:\/\/fairway2hotel.at\/en\/wp-json\/wp\/v2\/media\/47730"},{"embeddable":true,"href":"https:\/\/fairway2hotel.at\/en\/wp-json\/wp\/v2\/media\/47728"},{"embeddable":true,"href":"https:\/\/fairway2hotel.at\/en\/wp-json\/wp\/v2\/media\/2823"}],"wp:attachment":[{"href":"https:\/\/fairway2hotel.at\/en\/wp-json\/wp\/v2\/media?parent=995"}],"curies":[{"name":"wp","href":"https:\/\/api.w.org\/{rel}","templated":true}]}}